{"id":27,"date":"2023-12-14T15:33:16","date_gmt":"2023-12-14T14:33:16","guid":{"rendered":"https:\/\/traforart.net\/?page_id=27"},"modified":"2024-07-26T13:49:40","modified_gmt":"2024-07-26T11:49:40","slug":"aviso-legal","status":"publish","type":"page","link":"https:\/\/traforart.net\/es\/aviso-legal\/","title":{"rendered":"Aviso Legal"},"content":{"rendered":"<div style=\"height:160px\" aria-hidden=\"true\" class=\"wp-block-spacer\"><\/div>\n\n\n\n<h1 class=\"wp-block-heading padding20 entradeseizquierda\">Aviso Legal<\/h1>\n\n\n\n<h2 class=\"wp-block-heading\">Titularidad del Sitio Web<\/h2>\n\n\n\n<p class=\"wp-block-paragraph\">En cumplimiento del art\u00edculo 10 de la Ley 34\/2002, de 11 de julio, de Servicios de la Sociedad de la Informaci\u00f3n y Comercio Electr\u00f3nico (LSSICE), a continuaci\u00f3n, se exponen los datos identificativos del titular del presente sitio web:<\/p>\n\n\n\n<p class=\"wp-block-paragraph\">Titular: <strong>Art for Art Fireplaces SL<\/strong><br>Domicilio: Folgueroles 3, Pol Indus Malloles<br>08500 Vic<br>NIF: B67625210<br>E-mail: traforart@traforart.net<br>Tel\u00e9fono: 934 598 701<br>Datos registrales: TOMO 47360, FOLIO 204, HOJA B 549642<\/p>\n\n\n\n<p class=\"wp-block-paragraph\">La expresi\u00f3n \u00abUsuario\u00bb comprende cualquier persona que acceda al Sitio Web, ya sea directamente o bien desde cualquier otro sitio de Internet.<\/p>\n\n\n\n<h2 class=\"wp-block-heading\">Objeto<\/h2>\n\n\n\n<p class=\"wp-block-paragraph\">El Titular del Sitio Web, por medio de \u00e9sta, pone a disposici\u00f3n del Usuario el acceso a informaci\u00f3n de una serie de productos y\/o servicios que pueden ser suministrados y\/o prestados por el propio titular o por terceros.<\/p>\n\n\n\n<p class=\"wp-block-paragraph\">A trav\u00e9s del presente Aviso Legal se establecen las condiciones generales que regulan el acceso, navegaci\u00f3n y uso del Sitio Web por parte de todos los Usuarios. Si el Usuario no est\u00e1 de acuerdo con el mismo, debe abandonar este Sitio Web de forma inmediata.<\/p>\n\n\n\n<p class=\"wp-block-paragraph\">El Titular se reserva el derecho de modificar o actualizar, en cualquier momento, el presente Aviso Legal y, en general, los elementos que integran el dise\u00f1o y la configuraci\u00f3n del Sitio Web, tanto en su versi\u00f3n en espa\u00f1ol como en otros idiomas, si las hubiere. Por ello, el Titular recomienda a los Usuarios que lean detenidamente las presentes condiciones cada vez que accedan al Sitio Web.<\/p>\n\n\n\n<h2 class=\"wp-block-heading\">Acceso y uso del Sitio Web<\/h2>\n\n\n\n<p class=\"wp-block-paragraph\">El mero acceso al Sitio Web, el uso de los contenidos ofrecidos en el mismo, as\u00ed como la cumplimentaci\u00f3n de formularios, el env\u00edo de solicitudes de informaci\u00f3n y, en general, cualquier acto de naturaleza similar a los anteriores, implicar\u00e1, por parte de quienes naveguen en el Sitio Web, la adquisici\u00f3n de la consideraci\u00f3n de Usuario y la aceptaci\u00f3n, sin reservas, de todas y cada una de las normas integrantes del presente Aviso Legal.<\/p>\n\n\n\n<p class=\"wp-block-paragraph\">El simple acceso al Sitio Web es gratuito, salvo en lo relativo al coste de la conexi\u00f3n a trav\u00e9s de la red de telecomunicaciones suministrada por el proveedor de acceso contratado por el Usuario.<\/p>\n\n\n\n<p class=\"wp-block-paragraph\">El Titular se reserva la facultad de ofrecer determinados productos y\/o servicios exclusivamente a los \u201cUsuarios Registrados\u201d a trav\u00e9s del Sitio Web y que acepten expresamente las condiciones particulares que sean de aplicaci\u00f3n. En estos casos, el Usuario declara que toda la informaci\u00f3n suministrada por \u00e9l en el curso de la utilizaci\u00f3n de este Sitio Web es verdadera, completa y precisa.<\/p>\n\n\n\n<p class=\"wp-block-paragraph\">El Titular advierte al Usuario que podr\u00e1n ser rechazadas las peticiones de registro realizadas de forma fraudulenta o en vulneraci\u00f3n de normas o derechos de terceros, pudiendo adem\u00e1s ser dados de baja como Usuarios Registrados si infringen las presentes condiciones legales o las advertencias y requerimientos que les exija el Titular respecto a comportamientos que vulneren las pol\u00edticas y normas que rigen este Sitio Web.<\/p>\n\n\n\n<p class=\"wp-block-paragraph\">En todo caso, el acceso, navegaci\u00f3n y uso del Sitio Web, as\u00ed como todo acceso del Usuario Registrado bajo su nombre de usuario\/acceso y contrase\u00f1a o desde su cuenta, se hace bajo la \u00fanica y exclusiva responsabilidad del Usuario, por lo que \u00e9ste se compromete a observar de forma diligente y fiel cualquier instrucci\u00f3n adicional relativa al uso del Sitio Web y sus contenidos y se hace responsable de tratar de forma confidencial y custodiar adecuadamente su clave de usuario y contrase\u00f1a de acceso, en tanto que son personales e intransferibles, evitando as\u00ed el acceso de terceras personas no autorizadas al Sitio Web. En virtud de lo anterior, es obligaci\u00f3n del Usuario notificar inmediatamente al Titular, en caso de que conozca o sospeche el uso de su contrase\u00f1a por terceros, o cuando se haya producido cualquier hecho que haga posible el uso indebido de su contrase\u00f1a, con el fin de proceder a su inmediata cancelaci\u00f3n.<\/p>\n\n\n\n<p class=\"wp-block-paragraph\">Finalmente, el Titular se reserva la facultad de dar por terminado, suspender o interrumpir, en cualquier momento y sin necesidad de preaviso, el acceso a los productos, servicios y\/o contenidos del Sitio Web, as\u00ed como la configuraci\u00f3n misma del Sitio Web, prestaciones, productos, servicios y contenidos, sin posibilidad por parte del Usuario de reclamar ni exigir indemnizaci\u00f3n alguna a las que, en lo menester, renuncia. En particular, el Sitio Web puede dejar de estar operativo con motivo de operaciones de mantenimiento, reparaci\u00f3n, actualizaci\u00f3n, mejora y\/o adecuaci\u00f3n a cambios t\u00e9cnicos, operativos y\/o legales. Tras dicha terminaci\u00f3n, seguir\u00e1n vigentes las prohibiciones, restricciones y limitaciones contenidas en el presente Aviso Legal y\/o en cualesquiera condiciones particulares que sean de aplicaci\u00f3n.<\/p>\n\n\n\n<h2 class=\"wp-block-heading\">Normas de utilizaci\u00f3n del Sitio Web<\/h2>\n\n\n\n<p class=\"wp-block-paragraph\">El Usuario se obliga a utilizar el Sitio Web y todo su contenido y servicios conforme a lo establecido en la ley, la moral, el orden p\u00fablico y las presentes condiciones de uso, no emple\u00e1ndolos para realizar actividades il\u00edcitas o constitutivas de delito que atenten contra los derechos de terceros y\/o que infrinjan cualesquiera normas del ordenamiento jur\u00eddico aplicable.<\/p>\n\n\n\n<p class=\"wp-block-paragraph\">El Usuario se compromete a:<\/p>\n\n\n\n<ul class=\"wp-block-list\">\n<li>No introducir o difundir contenidos o propaganda de car\u00e1cter racista, xen\u00f3fobo, pornogr\u00e1fico, de apolog\u00eda del terrorismo o que atenten contra los derechos humanos, los derechos fundamentales y\/o contra las libertades p\u00fablicas reconocidos constitucionalmente y en los tratados internacionales.<\/li>\n\n\n\n<li>No introducir o difundir en la red y\/o en el Sitio Web, programas de datos (virus y software nocivo) susceptibles de provocar da\u00f1os en los sistemas inform\u00e1ticos del proveedor de acceso, sus proveedores o terceros Usuarios de la red Internet.<\/li>\n\n\n\n<li>No difundir, transmitir o poner a disposici\u00f3n de terceros cualquier tipo de informaci\u00f3n, elemento o contenido que constituya publicidad il\u00edcita o desleal o que suponga una violaci\u00f3n del secreto de las comunicaciones y la legislaci\u00f3n de datos de car\u00e1cter personal.<\/li>\n\n\n\n<li>No difundir, transmitir o poner a disposici\u00f3n de terceros cualquier tipo de informaci\u00f3n, elemento o contenido que suponga una violaci\u00f3n de los derechos de propiedad intelectual e industrial, patentes, marcas o copyright que correspondan al Titular del Sitio Web o a terceros.<\/li>\n\n\n\n<li>No transmitir publicidad no solicitada o autorizada, material publicitario, \u00abcorreo basura\u00bb, \u00abcartas en cadena\u00bb, \u00abestructuras piramidales\u00bb, o cualquier otra forma de solicitaci\u00f3n, excepto en aquellas \u00e1reas (tales como espacios comerciales) que hayan sido exclusivamente concebidas para ello.<\/li>\n\n\n\n<li>No introducir o difundir cualquier informaci\u00f3n y contenidos falsos, ambiguos o inexactos de forma que induzca a error a los receptores de la informaci\u00f3n.<\/li>\n\n\n\n<li>No suplantar a otros Usuarios utilizando sus claves de registro a los distintos servicios y\/o contenidos del Sitio Web.<\/li>\n<\/ul>\n\n\n\n<p class=\"wp-block-paragraph\">Cualquier enlace que efect\u00fae el Usuario a los contenidos del Sitio Web, requerir\u00e1 la previa conformidad del Titular y deber\u00e1 permitir, mediante la oportuna visualizaci\u00f3n, la identificaci\u00f3n de su procedencia. La utilizaci\u00f3n de esta informaci\u00f3n en otros sitios de Internet requerir\u00e1 autorizaci\u00f3n expresa.<\/p>\n\n\n\n<p class=\"wp-block-paragraph\">El Usuario se obliga a mantener indemne al Titular ante cualquier posible reclamaci\u00f3n, multa, pena o sanci\u00f3n que pueda venir obligada a soportar como consecuencia del incumplimiento por parte del Usuario de cualquiera de las normas de utilizaci\u00f3n antes indicadas, reserv\u00e1ndose, adem\u00e1s, el Titular el derecho a solicitar la indemnizaci\u00f3n por da\u00f1os y perjuicios que corresponda.<\/p>\n\n\n\n<h2 class=\"wp-block-heading\">Exclusiones de responsabilidad<\/h2>\n\n\n\n<p class=\"wp-block-paragraph\">El Titular no se hace responsable de los da\u00f1os y perjuicios directos o indirectos, p\u00e9rdidas o perjuicios derivados de una reducci\u00f3n de beneficios, de la interrupci\u00f3n del negocio o p\u00e9rdida de informaci\u00f3n, entre otros, incluidos da\u00f1os a sistemas inform\u00e1ticos e introducci\u00f3n de virus existentes en la red, derivados de la navegaci\u00f3n por Internet necesaria para el uso de este sitio Sitio Web, ya que declara que ha adoptado todas las medidas necesarias y razonables, dentro de sus posibilidades y del estado de la tecnolog\u00eda, para garantizar el funcionamiento del Sitio Web y evitar la existencia y\/o transmisi\u00f3n de virus y dem\u00e1s componentes da\u00f1inos a los Usuarios. Corresponde al Usuario, en su caso, la disponibilidad de medios adecuados para la detecci\u00f3n o desinfecci\u00f3n de programas inform\u00e1ticos da\u00f1inos.<\/p>\n\n\n\n<p class=\"wp-block-paragraph\">El Usuario conoce y acepta expresamente que el Titular no otorga ninguna garant\u00eda de cualquier tipo, ya sea expresa o impl\u00edcita, sobre la fiabilidad, utilidad o exactitud de la informaci\u00f3n publicada y\/o suministrada en el Sitio Web con relaci\u00f3n a los productos y\/o servicios del Titular.<\/p>\n\n\n\n<p class=\"wp-block-paragraph\">La mera exposici\u00f3n de productos y\/o servicios y la informaci\u00f3n acerca de los mismos suministrada por el Titular del Sitio Web o mediante enlaces a otras webs de mercantiles Art for Art Fireplaces SL o de terceros, no supone de por s\u00ed actividad comercial alguna y las transacciones o contrataciones que en su caso se pudieran producir entre el Titular del Sitio Web y el Usuario se llevar\u00e1n a cabo por medios de contrataci\u00f3n diferentes a la web y estar\u00e1n sujetas, en su caso, a la legislaci\u00f3n y normas aplicables al caso particular.<\/p>\n\n\n\n<p class=\"wp-block-paragraph\">El Titular se compromete a trav\u00e9s de este medio a NO REALIZAR PUBLICIDAD ENGA\u00d1OSA. A estos efectos, por lo tanto, no ser\u00e1n considerados como publicidad enga\u00f1osa los errores formales o num\u00e9ricos que puedan encontrarse a lo largo del contenido de las distintas secciones del Sitio Web, producidos como consecuencia de un mantenimiento y\/o actualizaci\u00f3n incompleta o defectuosa de la informaci\u00f3n contenida es estas secciones. El Titular, como consecuencia de lo dispuesto en este apartado, se compromete a corregirlo tan pronto como tenga conocimiento de dichos errores.<\/p>\n\n\n\n<p class=\"wp-block-paragraph\">El Titular no se hace responsable del incumplimiento de cualquier norma aplicable en que pueda incurrir el Usuario en su acceso al presente Sitio Web y\/o en el uso de las informaciones contenidas en el mismo, como tampoco de los comentarios u opiniones vertidas por los Usuarios y\/o terceros en el Sitio Web, si las hubiere. El Titular se reserva el derecho a borrar los comentarios que pudieran resultar ofensivos, inadecuados o denigrantes. Tambi\u00e9n se reserva el derecho a bloquear e impedir los futuros comentarios provenientes de los autores de dichos comentarios.<\/p>\n\n\n\n<h2 class=\"wp-block-heading\">Contenidos y servicios enlazados a trav\u00e9s del sitio web<\/h2>\n\n\n\n<p class=\"wp-block-paragraph\">El Sitio Web puede contener dispositivos t\u00e9cnicos de enlace, directorios e incluso instrumentos de b\u00fasqueda que permitan al Usuario acceder a otras p\u00e1ginas y portales de Internet (en adelante, \u201cSitios Enlazados\u201d). En estos casos, el Titular s\u00f3lo ser\u00e1 responsable de los contenidos y servicios suministrados en los Sitios Enlazados en la medida en que tenga conocimiento efectivo de su ilicitud y no haya desactivado el enlace a los mismos con la diligencia debida. En el supuesto de que el Usuario considere que existe un Sitio Enlazado con contenidos il\u00edcitos o inadecuados podr\u00e1 comunicarlo al Titular, sin que en ning\u00fan caso esta comunicaci\u00f3n conlleve para el Titular la obligaci\u00f3n de retirar el correspondiente enlace.<\/p>\n\n\n\n<p class=\"wp-block-paragraph\">En ning\u00fan caso la existencia de Sitios Enlazados debe presuponer la formalizaci\u00f3n de acuerdos entre el Titular y los responsables o titulares de los mismos, as\u00ed como tampoco la recomendaci\u00f3n o promoci\u00f3n de los Sitios Enlazados y\/o sus contenidos por parte del Titular.<\/p>\n\n\n\n<p class=\"wp-block-paragraph\">A menos que se indique expresamente lo contrario en el Sitio Web, el Titular no conoce los contenidos y servicios de los Sitios Enlazados y, por tanto, no se hace responsable por los da\u00f1os que su ilicitud, calidad, desactualizaci\u00f3n, indisponibilidad, error e inutilidad puedan producir al Usuario o a cualquier tercero.<\/p>\n\n\n\n<h2 class=\"wp-block-heading\">Propiedad Intelectual e Industrial<\/h2>\n\n\n\n<p class=\"wp-block-paragraph\">Todos los contenidos del Sitio Web, entendiendo por \u00e9stos a t\u00edtulo meramente enunciativo y sin que la siguiente enumeraci\u00f3n sea un numerus clausus, los textos, fotograf\u00edas, gr\u00e1ficos, im\u00e1genes, iconos, tecnolog\u00eda, software, links y dem\u00e1s contenidos audiovisuales o sonoros, as\u00ed como su dise\u00f1o gr\u00e1fico y c\u00f3digos fuente, los \u00edndices, los nombres comerciales, las marcas, signos distintivos, logotipos, expresiones e informaciones y, en general, cualquier otra creaci\u00f3n protegida por las normas nacionales y tratados internacionales sobre propiedad intelectual e industrial (en adelante, los \u201cContenidos\u201d), son propiedad del Titular o de terceros de los que el Titular ha obtenido la correspondiente licencia de uso, salvo que se indique expresamente lo contrario, sin que puedan entenderse cedidos al Usuario ninguno de los derechos de explotaci\u00f3n reconocidos por la normativa vigente en materia de propiedad intelectual sobre los mismos.<\/p>\n\n\n\n<p class=\"wp-block-paragraph\">El Titular no concede ning\u00fan tipo de licencia o autorizaci\u00f3n de uso personal al Usuario sobre sus derechos de propiedad intelectual e industrial o sobre cualquier otro derecho relacionado con su Sitio Web y los productos y servicios ofrecidos en el mismo. En especial est\u00e1 prohibido el uso de las marcas, nombres comerciales o signos distintivos propiedad del Titular o de terceros, sin el previo consentimiento por escrito de su titular. El uso, explotaci\u00f3n o utilizaci\u00f3n no autorizada de los Contenidos generar\u00e1 las responsabilidades legales a que haya lugar.<\/p>\n\n\n\n<p class=\"wp-block-paragraph\">El Usuario, \u00fanica y exclusivamente, puede utilizar el Contenido que aparezca en este Sitio Web para su uso personal y privado, quedando prohibido su uso con fines comerciales o para incurrir en actividades il\u00edcitas.<\/p>\n\n\n\n<h2 class=\"wp-block-heading\">Nulidad<\/h2>\n\n\n\n<p class=\"wp-block-paragraph\">En el caso de que cualquier disposici\u00f3n de este Aviso Legal fuera considerada nula, en su totalidad o en parte, dicha nulidad o inaplicaci\u00f3n no afectar\u00e1 a las otras disposiciones del Aviso Legal que, en su caso, hayan podido ser establecidas.<\/p>\n\n\n\n<p class=\"wp-block-paragraph\">En el caso de que el Titular no ejerciera cualquier derecho o acci\u00f3n reconocida en este Aviso Legal, ello no constituir\u00e1 una renuncia al mismo, salvo reconocimiento y acuerdo que deber\u00e1 ser por escrito de su parte.<\/p>\n\n\n\n<h2 class=\"wp-block-heading\">Legislaci\u00f3n y jurisdicci\u00f3n<\/h2>\n\n\n\n<p class=\"wp-block-paragraph\">La ley aplicable en caso de disputa o conflicto de interpretaci\u00f3n de los t\u00e9rminos que conforman este Aviso Legal, as\u00ed como cualquier cuesti\u00f3n relacionada con los servicios del presente Sitio Web, ser\u00e1 la ley espa\u00f1ola a la que se someten expresamente las partes, siendo competentes para la resoluci\u00f3n de todos los conflictos derivados o relacionados con su uso los Juzgados y Tribunales de Barcelona.<\/p>\n\n\n\n<h2 class=\"wp-block-heading\">Versi\u00f3n<\/h2>\n\n\n\n<p class=\"wp-block-paragraph\">Este Aviso Legal es de fecha 25 de Julio de 2024.<\/p>","protected":false},"excerpt":{"rendered":"<p>Aviso Legal Titularidad del Sitio Web En cumplimiento del art\u00edculo 10 de la Ley 34\/2002, de 11 de julio, de Servicios de la Sociedad de la Informaci\u00f3n y Comercio Electr\u00f3nico (LSSICE), a continuaci\u00f3n, se exponen los datos identificativos del titular del presente sitio web: Titular: Art for Art Fireplaces SLDomicilio: Folgueroles 3, Pol Indus Malloles08500 [&hellip;]<\/p>\n","protected":false},"author":1,"featured_media":0,"parent":0,"menu_order":0,"comment_status":"closed","ping_status":"closed","template":"","meta":{"_crdt_document":"","inline_featured_image":false,"ngg_post_thumbnail":0,"footnotes":""},"class_list":["post-27","page","type-page","status-publish","hentry"],"yoast_head":"<!-- This site is optimized with the Yoast SEO plugin v27.4 - https:\/\/yoast.com\/product\/yoast-seo-wordpress\/ -->\n<title>Aviso Legal - Traforart<\/title>\n<meta name=\"robots\" content=\"index, follow, max-snippet:-1, max-image-preview:large, max-video-preview:-1\" \/>\n<link rel=\"canonical\" href=\"https:\/\/traforart.net\/es\/aviso-legal\/\" \/>\n<meta property=\"og:locale\" content=\"es_ES\" \/>\n<meta property=\"og:type\" content=\"article\" \/>\n<meta property=\"og:title\" content=\"Aviso Legal - Traforart\" \/>\n<meta property=\"og:description\" content=\"Aviso Legal Titularidad del Sitio Web En cumplimiento del art\u00edculo 10 de la Ley 34\/2002, de 11 de julio, de Servicios de la Sociedad de la Informaci\u00f3n y Comercio Electr\u00f3nico (LSSICE), a continuaci\u00f3n, se exponen los datos identificativos del titular del presente sitio web: Titular: Art for Art Fireplaces SLDomicilio: Folgueroles 3, Pol Indus Malloles08500 [&hellip;]\" \/>\n<meta property=\"og:url\" content=\"https:\/\/traforart.net\/es\/aviso-legal\/\" \/>\n<meta property=\"og:site_name\" content=\"Traforart\" \/>\n<meta property=\"article:modified_time\" content=\"2024-07-26T11:49:40+00:00\" \/>\n<meta name=\"twitter:card\" content=\"summary_large_image\" \/>\n<script type=\"application\/ld+json\" class=\"yoast-schema-graph\">{\"@context\":\"https:\\\/\\\/schema.org\",\"@graph\":[{\"@type\":\"WebPage\",\"@id\":\"https:\\\/\\\/traforart.net\\\/es\\\/aviso-legal\\\/\",\"url\":\"https:\\\/\\\/traforart.net\\\/es\\\/aviso-legal\\\/\",\"name\":\"Aviso Legal - Traforart\",\"isPartOf\":{\"@id\":\"https:\\\/\\\/traforart.net\\\/es\\\/#website\"},\"datePublished\":\"2023-12-14T14:33:16+00:00\",\"dateModified\":\"2024-07-26T11:49:40+00:00\",\"breadcrumb\":{\"@id\":\"https:\\\/\\\/traforart.net\\\/es\\\/aviso-legal\\\/#breadcrumb\"},\"inLanguage\":\"es\",\"potentialAction\":[{\"@type\":\"ReadAction\",\"target\":[[\"https:\\\/\\\/traforart.net\\\/es\\\/aviso-legal\\\/\"]]}]},{\"@type\":\"BreadcrumbList\",\"@id\":\"https:\\\/\\\/traforart.net\\\/es\\\/aviso-legal\\\/#breadcrumb\",\"itemListElement\":[{\"@type\":\"ListItem\",\"position\":1,\"name\":\"Portada\",\"item\":\"https:\\\/\\\/traforart.net\\\/es\\\/\"},{\"@type\":\"ListItem\",\"position\":2,\"name\":\"Aviso Legal\"}]},{\"@type\":\"WebSite\",\"@id\":\"https:\\\/\\\/traforart.net\\\/es\\\/#website\",\"url\":\"https:\\\/\\\/traforart.net\\\/es\\\/\",\"name\":\"Traforart\",\"description\":\"Chimeneas de Le\u00f1a, Gas y Bioetanol\",\"potentialAction\":[{\"@type\":\"SearchAction\",\"target\":{\"@type\":\"EntryPoint\",\"urlTemplate\":\"https:\\\/\\\/traforart.net\\\/es\\\/?s={search_term_string}\"},\"query-input\":{\"@type\":\"PropertyValueSpecification\",\"valueRequired\":true,\"valueName\":\"search_term_string\"}}],\"inLanguage\":\"es\"}]}<\/script>\n<!-- \/ Yoast SEO plugin. -->","yoast_head_json":{"title":"Aviso Legal - Traforart","robots":{"index":"index","follow":"follow","max-snippet":"max-snippet:-1","max-image-preview":"max-image-preview:large","max-video-preview":"max-video-preview:-1"},"canonical":"https:\/\/traforart.net\/es\/aviso-legal\/","og_locale":"es_ES","og_type":"article","og_title":"Aviso Legal - Traforart","og_description":"Aviso Legal Titularidad del Sitio Web En cumplimiento del art\u00edculo 10 de la Ley 34\/2002, de 11 de julio, de Servicios de la Sociedad de la Informaci\u00f3n y Comercio Electr\u00f3nico (LSSICE), a continuaci\u00f3n, se exponen los datos identificativos del titular del presente sitio web: Titular: Art for Art Fireplaces SLDomicilio: Folgueroles 3, Pol Indus Malloles08500 [&hellip;]","og_url":"https:\/\/traforart.net\/es\/aviso-legal\/","og_site_name":"Traforart","article_modified_time":"2024-07-26T11:49:40+00:00","twitter_card":"summary_large_image","schema":{"@context":"https:\/\/schema.org","@graph":[{"@type":"WebPage","@id":"https:\/\/traforart.net\/es\/aviso-legal\/","url":"https:\/\/traforart.net\/es\/aviso-legal\/","name":"Aviso Legal - Traforart","isPartOf":{"@id":"https:\/\/traforart.net\/es\/#website"},"datePublished":"2023-12-14T14:33:16+00:00","dateModified":"2024-07-26T11:49:40+00:00","breadcrumb":{"@id":"https:\/\/traforart.net\/es\/aviso-legal\/#breadcrumb"},"inLanguage":"es","potentialAction":[{"@type":"ReadAction","target":[["https:\/\/traforart.net\/es\/aviso-legal\/"]]}]},{"@type":"BreadcrumbList","@id":"https:\/\/traforart.net\/es\/aviso-legal\/#breadcrumb","itemListElement":[{"@type":"ListItem","position":1,"name":"Portada","item":"https:\/\/traforart.net\/es\/"},{"@type":"ListItem","position":2,"name":"Aviso Legal"}]},{"@type":"WebSite","@id":"https:\/\/traforart.net\/es\/#website","url":"https:\/\/traforart.net\/es\/","name":"Traforart","description":"Chimeneas de Le\u00f1a, Gas y Bioetanol","potentialAction":[{"@type":"SearchAction","target":{"@type":"EntryPoint","urlTemplate":"https:\/\/traforart.net\/es\/?s={search_term_string}"},"query-input":{"@type":"PropertyValueSpecification","valueRequired":true,"valueName":"search_term_string"}}],"inLanguage":"es"}]}},"_links":{"self":[{"href":"https:\/\/traforart.net\/es\/wp-json\/wp\/v2\/pages\/27","targetHints":{"allow":["GET"]}}],"collection":[{"href":"https:\/\/traforart.net\/es\/wp-json\/wp\/v2\/pages"}],"about":[{"href":"https:\/\/traforart.net\/es\/wp-json\/wp\/v2\/types\/page"}],"author":[{"embeddable":true,"href":"https:\/\/traforart.net\/es\/wp-json\/wp\/v2\/users\/1"}],"replies":[{"embeddable":true,"href":"https:\/\/traforart.net\/es\/wp-json\/wp\/v2\/comments?post=27"}],"version-history":[{"count":13,"href":"https:\/\/traforart.net\/es\/wp-json\/wp\/v2\/pages\/27\/revisions"}],"predecessor-version":[{"id":2081,"href":"https:\/\/traforart.net\/es\/wp-json\/wp\/v2\/pages\/27\/revisions\/2081"}],"wp:attachment":[{"href":"https:\/\/traforart.net\/es\/wp-json\/wp\/v2\/media?parent=27"}],"curies":[{"name":"wp","href":"https:\/\/api.w.org\/{rel}","templated":true}]}}