{"id":92,"date":"2023-12-15T10:00:45","date_gmt":"2023-12-15T09:00:45","guid":{"rendered":"https:\/\/traforart.net\/?page_id=92"},"modified":"2025-12-05T09:55:41","modified_gmt":"2025-12-05T08:55:41","slug":"contacto","status":"publish","type":"page","link":"https:\/\/traforart.net\/es\/contacto\/","title":{"rendered":"Contacto"},"content":{"rendered":"<div style=\"height:160px\" aria-hidden=\"true\" class=\"wp-block-spacer ocultomovil\"><\/div>\n\n\n\n<h2 class=\"wp-block-heading padding20 entradeseizquierda\">Contactar<\/h2>\n\n\n\n<div class=\"wp-block-columns contactacols is-layout-flex wp-container-core-columns-is-layout-8f761849 wp-block-columns-is-layout-flex\">\n<div class=\"wp-block-column is-vertically-aligned-top entradesdeizquierda is-layout-flow wp-block-column-is-layout-flow\" style=\"flex-basis:25%\">\n<p class=\"wp-block-paragraph\">Si tiene cualquier duda o consulta puede enviarnos el siguiente formulario por correo.<\/p>\n<\/div>\n\n\n\n<div class=\"wp-block-column is-layout-flow wp-block-column-is-layout-flow\" style=\"flex-basis:25%\">\n<div class=\"wp-block-contact-form-7-contact-form-selector\">\n<div class=\"wpcf7 no-js\" id=\"wpcf7-f5-o1\" lang=\"es-ES\" dir=\"ltr\" data-wpcf7-id=\"5\">\n<div class=\"screen-reader-response\"><p role=\"status\" aria-live=\"polite\" aria-atomic=\"true\"><\/p> <ul><\/ul><\/div>\n<form action=\"\/es\/wp-json\/wp\/v2\/pages\/92#wpcf7-f5-o1\" method=\"post\" class=\"wpcf7-form init\" aria-label=\"Formulario de contacto\" novalidate=\"novalidate\" data-status=\"init\">\n<fieldset class=\"hidden-fields-container\"><input type=\"hidden\" name=\"_wpcf7\" value=\"5\" \/><input type=\"hidden\" name=\"_wpcf7_version\" value=\"6.1.5\" \/><input type=\"hidden\" name=\"_wpcf7_locale\" value=\"es_ES\" \/><input type=\"hidden\" name=\"_wpcf7_unit_tag\" value=\"wpcf7-f5-o1\" \/><input type=\"hidden\" name=\"_wpcf7_container_post\" value=\"0\" \/><input type=\"hidden\" name=\"_wpcf7_posted_data_hash\" value=\"\" \/>\n<\/fieldset>\n<p><label> Tu nombre<br \/>\n<span class=\"wpcf7-form-control-wrap\" data-name=\"your-name\"><input size=\"40\" maxlength=\"400\" class=\"wpcf7-form-control wpcf7-text wpcf7-validates-as-required\" autocomplete=\"name\" aria-required=\"true\" aria-invalid=\"false\" value=\"\" type=\"text\" name=\"your-name\" \/><\/span> <\/label>\n<\/p>\n<p><label> Tu correo electr\u00f3nico<br \/>\n<span class=\"wpcf7-form-control-wrap\" data-name=\"your-email\"><input size=\"40\" maxlength=\"400\" class=\"wpcf7-form-control wpcf7-email wpcf7-validates-as-required wpcf7-text wpcf7-validates-as-email\" autocomplete=\"email\" aria-required=\"true\" aria-invalid=\"false\" value=\"\" type=\"email\" name=\"your-email\" \/><\/span> <\/label>\n<\/p>\n<p><label> Tu Tel\u00e9fono<br \/>\n<span class=\"wpcf7-form-control-wrap\" data-name=\"your-telephone\"><input size=\"40\" maxlength=\"400\" class=\"wpcf7-form-control wpcf7-tel wpcf7-validates-as-required wpcf7-text wpcf7-validates-as-tel\" aria-required=\"true\" aria-invalid=\"false\" value=\"\" type=\"tel\" name=\"your-telephone\" \/><\/span><\/label>\n<\/p>\n<p><label> Tu mensaje (opcional)<br \/>\n<span class=\"wpcf7-form-control-wrap\" data-name=\"your-message\"><textarea cols=\"40\" rows=\"10\" maxlength=\"2000\" class=\"wpcf7-form-control wpcf7-textarea\" aria-invalid=\"false\" name=\"your-message\"><\/textarea><\/span> <\/label>\n<\/p>\n<p><input class=\"wpcf7-form-control wpcf7-submit has-spinner\" type=\"submit\" value=\"Enviar\" \/>\n<\/p><p style=\"display: none !important;\" class=\"akismet-fields-container\" data-prefix=\"_wpcf7_ak_\"><label>&#916;<textarea name=\"_wpcf7_ak_hp_textarea\" cols=\"45\" rows=\"8\" maxlength=\"100\"><\/textarea><\/label><input type=\"hidden\" id=\"ak_js_1\" name=\"_wpcf7_ak_js\" value=\"130\"\/><script type=\"text\/javascript\">\n\/* <![CDATA[ *\/\ndocument.getElementById( \"ak_js_1\" ).setAttribute( \"value\", ( new Date() ).getTime() );\n\/* ]]> *\/\n<\/script>\n<\/p><div class=\"wpcf7-response-output\" aria-hidden=\"true\"><\/div>\n<\/form>\n<\/div>\n<\/div>\n\n\n\n<div style=\"height:40px\" aria-hidden=\"true\" class=\"wp-block-spacer\"><\/div>\n\n\n\n<p class=\"has-small-font-size wp-block-paragraph\">La presentaci\u00f3n de este formulario supone el consentimiento seg\u00fan los tratados y leg\u00edtimos. Los datos proporcionados se conservar\u00e1n y eliminar\u00e1n de acuerdo con lo que establece la regulaci\u00f3n emitida por la Comisi\u00f3n Nacional de Acceso, Evaluaci\u00f3n y Elecci\u00f3n Documental de Catalu\u00f1a para este tipo de tratamientos, y no se utilizar\u00e1n para fines distintos ni se ceder\u00e1n a terceros sin tu consentimiento, salvo que una norma legal lo autorice. Para m\u00e1s informaci\u00f3n, puedes acceder a nuestra Pol\u00edtica de privacidad<\/p>\n\n\n\n<p class=\"has-small-font-size wp-block-paragraph\">Sobre estos datos puedes ejercitar tus derechos (derechos ARSLOP: acceso, rectificaci\u00f3n o supresi\u00f3n, limitaci\u00f3n del trato, oposici\u00f3n y, en su caso, portabilidad) mediante solicitud dirigida. Para cualquier cuesti\u00f3n relacionada puedes dirigirte a la persona delegada de Protecci\u00f3n de Datos (traforart@traforart.net).<\/p>\n<\/div>\n\n\n\n<div class=\"wp-block-column entradesdederecha is-layout-flow wp-block-column-is-layout-flow\" style=\"flex-basis:50%\">\n<iframe src=\"https:\/\/www.google.com\/maps\/embed?pb=!1m18!1m12!1m3!1d2967.5596412856366!2d2.2835908000000003!3d41.945313000000006!2m3!1f0!2f0!3f0!3m2!1i1024!2i768!4f13.1!3m3!1m2!1s0x12a52637c218bc8b%3A0xabe3c46ec799f80f!2sCarrer%20de%20Folgueroles%2C%203%2C%2008500%20Vic%2C%20Barcelona!5e0!3m2!1sca!2ses!4v1702918328140!5m2!1sca!2ses\" style=\"border:0;\" allowfullscreen=\"\" loading=\"lazy\" referrerpolicy=\"no-referrer-when-downgrade\"><\/iframe>\n<\/div>\n<\/div>","protected":false},"excerpt":{"rendered":"<p>Contactar Si tiene cualquier duda o consulta puede enviarnos el siguiente formulario por correo. La presentaci\u00f3n de este formulario supone el consentimiento seg\u00fan los tratados y leg\u00edtimos. Los datos proporcionados se conservar\u00e1n y eliminar\u00e1n de acuerdo con lo que establece la regulaci\u00f3n emitida por la Comisi\u00f3n Nacional de Acceso, Evaluaci\u00f3n y Elecci\u00f3n Documental de Catalu\u00f1a [&hellip;]<\/p>\n","protected":false},"author":1,"featured_media":0,"parent":0,"menu_order":0,"comment_status":"closed","ping_status":"closed","template":"","meta":{"_crdt_document":"","inline_featured_image":false,"ngg_post_thumbnail":0,"footnotes":""},"class_list":["post-92","page","type-page","status-publish","hentry"],"yoast_head":"<!-- This site is optimized with the Yoast SEO plugin v27.4 - https:\/\/yoast.com\/product\/yoast-seo-wordpress\/ -->\n<title>Contacto - Traforart<\/title>\n<meta name=\"robots\" content=\"index, follow, max-snippet:-1, max-image-preview:large, max-video-preview:-1\" \/>\n<link rel=\"canonical\" href=\"https:\/\/traforart.net\/es\/contacto\/\" \/>\n<meta property=\"og:locale\" content=\"es_ES\" \/>\n<meta property=\"og:type\" content=\"article\" \/>\n<meta property=\"og:title\" content=\"Contacto - Traforart\" \/>\n<meta property=\"og:description\" content=\"Contactar Si tiene cualquier duda o consulta puede enviarnos el siguiente formulario por correo. La presentaci\u00f3n de este formulario supone el consentimiento seg\u00fan los tratados y leg\u00edtimos. Los datos proporcionados se conservar\u00e1n y eliminar\u00e1n de acuerdo con lo que establece la regulaci\u00f3n emitida por la Comisi\u00f3n Nacional de Acceso, Evaluaci\u00f3n y Elecci\u00f3n Documental de Catalu\u00f1a [&hellip;]\" \/>\n<meta property=\"og:url\" content=\"https:\/\/traforart.net\/es\/contacto\/\" \/>\n<meta property=\"og:site_name\" content=\"Traforart\" \/>\n<meta property=\"article:modified_time\" content=\"2025-12-05T08:55:41+00:00\" \/>\n<meta name=\"twitter:card\" content=\"summary_large_image\" \/>\n<meta name=\"twitter:label1\" content=\"Tiempo de lectura\" \/>\n\t<meta name=\"twitter:data1\" content=\"1 minuto\" \/>\n<script type=\"application\/ld+json\" class=\"yoast-schema-graph\">{\"@context\":\"https:\\\/\\\/schema.org\",\"@graph\":[{\"@type\":\"WebPage\",\"@id\":\"https:\\\/\\\/traforart.net\\\/es\\\/contacto\\\/\",\"url\":\"https:\\\/\\\/traforart.net\\\/es\\\/contacto\\\/\",\"name\":\"Contacto - Traforart\",\"isPartOf\":{\"@id\":\"https:\\\/\\\/traforart.net\\\/es\\\/#website\"},\"datePublished\":\"2023-12-15T09:00:45+00:00\",\"dateModified\":\"2025-12-05T08:55:41+00:00\",\"breadcrumb\":{\"@id\":\"https:\\\/\\\/traforart.net\\\/es\\\/contacto\\\/#breadcrumb\"},\"inLanguage\":\"es\",\"potentialAction\":[{\"@type\":\"ReadAction\",\"target\":[[\"https:\\\/\\\/traforart.net\\\/es\\\/contacto\\\/\"]]}]},{\"@type\":\"BreadcrumbList\",\"@id\":\"https:\\\/\\\/traforart.net\\\/es\\\/contacto\\\/#breadcrumb\",\"itemListElement\":[{\"@type\":\"ListItem\",\"position\":1,\"name\":\"Portada\",\"item\":\"https:\\\/\\\/traforart.net\\\/es\\\/\"},{\"@type\":\"ListItem\",\"position\":2,\"name\":\"Contacto\"}]},{\"@type\":\"WebSite\",\"@id\":\"https:\\\/\\\/traforart.net\\\/es\\\/#website\",\"url\":\"https:\\\/\\\/traforart.net\\\/es\\\/\",\"name\":\"Traforart\",\"description\":\"Chimeneas de Le\u00f1a, Gas y Bioetanol\",\"potentialAction\":[{\"@type\":\"SearchAction\",\"target\":{\"@type\":\"EntryPoint\",\"urlTemplate\":\"https:\\\/\\\/traforart.net\\\/es\\\/?s={search_term_string}\"},\"query-input\":{\"@type\":\"PropertyValueSpecification\",\"valueRequired\":true,\"valueName\":\"search_term_string\"}}],\"inLanguage\":\"es\"}]}<\/script>\n<!-- \/ Yoast SEO plugin. -->","yoast_head_json":{"title":"Contacto - Traforart","robots":{"index":"index","follow":"follow","max-snippet":"max-snippet:-1","max-image-preview":"max-image-preview:large","max-video-preview":"max-video-preview:-1"},"canonical":"https:\/\/traforart.net\/es\/contacto\/","og_locale":"es_ES","og_type":"article","og_title":"Contacto - Traforart","og_description":"Contactar Si tiene cualquier duda o consulta puede enviarnos el siguiente formulario por correo. La presentaci\u00f3n de este formulario supone el consentimiento seg\u00fan los tratados y leg\u00edtimos. Los datos proporcionados se conservar\u00e1n y eliminar\u00e1n de acuerdo con lo que establece la regulaci\u00f3n emitida por la Comisi\u00f3n Nacional de Acceso, Evaluaci\u00f3n y Elecci\u00f3n Documental de Catalu\u00f1a [&hellip;]","og_url":"https:\/\/traforart.net\/es\/contacto\/","og_site_name":"Traforart","article_modified_time":"2025-12-05T08:55:41+00:00","twitter_card":"summary_large_image","twitter_misc":{"Tiempo de lectura":"1 minuto"},"schema":{"@context":"https:\/\/schema.org","@graph":[{"@type":"WebPage","@id":"https:\/\/traforart.net\/es\/contacto\/","url":"https:\/\/traforart.net\/es\/contacto\/","name":"Contacto - Traforart","isPartOf":{"@id":"https:\/\/traforart.net\/es\/#website"},"datePublished":"2023-12-15T09:00:45+00:00","dateModified":"2025-12-05T08:55:41+00:00","breadcrumb":{"@id":"https:\/\/traforart.net\/es\/contacto\/#breadcrumb"},"inLanguage":"es","potentialAction":[{"@type":"ReadAction","target":[["https:\/\/traforart.net\/es\/contacto\/"]]}]},{"@type":"BreadcrumbList","@id":"https:\/\/traforart.net\/es\/contacto\/#breadcrumb","itemListElement":[{"@type":"ListItem","position":1,"name":"Portada","item":"https:\/\/traforart.net\/es\/"},{"@type":"ListItem","position":2,"name":"Contacto"}]},{"@type":"WebSite","@id":"https:\/\/traforart.net\/es\/#website","url":"https:\/\/traforart.net\/es\/","name":"Traforart","description":"Chimeneas de Le\u00f1a, Gas y Bioetanol","potentialAction":[{"@type":"SearchAction","target":{"@type":"EntryPoint","urlTemplate":"https:\/\/traforart.net\/es\/?s={search_term_string}"},"query-input":{"@type":"PropertyValueSpecification","valueRequired":true,"valueName":"search_term_string"}}],"inLanguage":"es"}]}},"_links":{"self":[{"href":"https:\/\/traforart.net\/es\/wp-json\/wp\/v2\/pages\/92","targetHints":{"allow":["GET"]}}],"collection":[{"href":"https:\/\/traforart.net\/es\/wp-json\/wp\/v2\/pages"}],"about":[{"href":"https:\/\/traforart.net\/es\/wp-json\/wp\/v2\/types\/page"}],"author":[{"embeddable":true,"href":"https:\/\/traforart.net\/es\/wp-json\/wp\/v2\/users\/1"}],"replies":[{"embeddable":true,"href":"https:\/\/traforart.net\/es\/wp-json\/wp\/v2\/comments?post=92"}],"version-history":[{"count":28,"href":"https:\/\/traforart.net\/es\/wp-json\/wp\/v2\/pages\/92\/revisions"}],"predecessor-version":[{"id":3600,"href":"https:\/\/traforart.net\/es\/wp-json\/wp\/v2\/pages\/92\/revisions\/3600"}],"wp:attachment":[{"href":"https:\/\/traforart.net\/es\/wp-json\/wp\/v2\/media?parent=92"}],"curies":[{"name":"wp","href":"https:\/\/api.w.org\/{rel}","templated":true}]}}