{"id":29,"date":"2023-12-14T15:33:28","date_gmt":"2023-12-14T14:33:28","guid":{"rendered":"https:\/\/traforart.net\/?page_id=29"},"modified":"2024-07-26T14:01:44","modified_gmt":"2024-07-26T12:01:44","slug":"politica-de-cookies","status":"publish","type":"page","link":"https:\/\/traforart.net\/fr\/politica-de-cookies\/","title":{"rendered":"Politique de cookies"},"content":{"rendered":"\n<div style=\"height:160px\" aria-hidden=\"true\" class=\"wp-block-spacer\"><\/div>\n\n\n\n<h1 class=\"wp-block-heading padding20 entradeseizquierda\">Pol\u00edtica de Cookies<\/h1>\n\n\n\n<div style=\"height:40px\" aria-hidden=\"true\" class=\"wp-block-spacer\"><\/div>\n\n\n\n<p class=\"wp-block-paragraph\">Mediante esta pol\u00edtica de cookies, el propietario de la p\u00e1gina web le informa acerca del uso de cookies o de similares herramientas para el almacenamiento de datos (en adelante, \u201ccookies\u201d) en esta p\u00e1gina web.<\/p>\n\n\n\n<h2 class=\"wp-block-heading\">\u00bfQu\u00e9 son cookies?<\/h2>\n\n\n\n<p class=\"wp-block-paragraph\">Las cookies son peque\u00f1os archivos de texto que su navegador almacena en su dispositivo para guardar cierta informaci\u00f3n o archivos de im\u00e1genes, como los p\u00edxeles. La pr\u00f3xima vez que el usuario visite una p\u00e1gina web desde el mismo dispositivo, la informaci\u00f3n guardada en las cookies se transmitir\u00e1 posteriormente al sitio web visitado (\u00abcookie de origen\u00bb) o a otra web a la que pertenezca la cookie (\u00abcookie de terceros\u00bb).<\/p>\n\n\n\n<p class=\"wp-block-paragraph\">Gracias a la informaci\u00f3n almacenada, la respectiva p\u00e1gina web reconoce que el usuario ya ha accedido a ella desde el mismo navegador y dispositivo. Esta informaci\u00f3n es utilizada para poder dise\u00f1ar as\u00ed como ofrecerle este sitio web de forma \u00f3ptima y de acuerdo a sus preferencias.<\/p>\n\n\n\n<p class=\"wp-block-paragraph\">En ese sentido, solo la cookie se identifica en su dispositivo. M\u00e1s all\u00e1 de este alcance, sus datos personales solo quedar\u00e1n almacenados bajo su expreso consentimiento o en caso de ser estrictamente necesario para poder utilizar el servicio ofrecido por la p\u00e1gina web.<\/p>\n\n\n\n<h2 class=\"wp-block-heading\">Consentimiento para el uso de cookies<\/h2>\n\n\n\n<p class=\"wp-block-paragraph\">Las cookies que no son estrictamente necesarias para ofrecerle los servicios de nuestra p\u00e1gina web solamente ser\u00e1n empleadas bajo su consentimiento. Al continuar navegando por este sitio web despu\u00e9s de que aparezca el aviso sobre el uso de cookies. el usuario estar\u00e1 expresando su consentimiento sobre el uso de cookies en esta p\u00e1gina web.<\/p>\n\n\n\n<p class=\"wp-block-paragraph\">Por supuesto, el usuario puede dise\u00f1ar en todo momento la configuraci\u00f3n de cookies en esta web, activando y desactivando para ello las categor\u00edas de cookies.<\/p>\n\n\n\n<p class=\"wp-block-paragraph\">En el punto \u201cDesactivaci\u00f3n y eliminaci\u00f3n de todas las cookies\u201d de esta pol\u00edtica de cookies, el usuario puede desactivar en su navegador determinadas categor\u00edas de cookies o eliminar el uso de cookies en general (incluyendo las cookies esenciales).<\/p>\n\n\n\n<h2 class=\"wp-block-heading\">Categor\u00edas de cookies<\/h2>\n\n\n\n<p class=\"wp-block-paragraph\">Dependiendo de su finalidad y funci\u00f3n, clasificamos las cookies que utilizamos en las siguientes categor\u00edas:<\/p>\n\n\n\n<p class=\"wp-block-paragraph\">\u00b7 Cookies estrictamente necesarias<br>\u00b7 Cookies funcionales<br>\u00b7 Cookies de rendimiento<br>\u00b7 Cookies publicitarias\/de terceros<\/p>\n\n\n\n<h2 class=\"wp-block-heading\">Cookies Utilizadas<\/h2>\n\n\n\n<div class=\"cky-audit-table-element\"><\/div>\n\n\n\n<h2 class=\"wp-block-heading\">Desactivaci\u00f3n y eliminaci\u00f3n de todas las cookies<\/h2>\n\n\n\n<p class=\"wp-block-paragraph\">El usuario puede configurar su navegador web de tal forma que nunca se almacenen las cookies en su dispositivo y\/o que la activaci\u00f3n de cookies solamente pueda producirse bajo su consentimiento. En cualquier momento, el usuario puede eliminar las cookies que hayan vuelto a quedar habilitadas. Mediante las opciones de ayuda de su navegador, el usuario puede encontrar todos los detalles al respecto.<\/p>\n\n\n\n<p class=\"wp-block-paragraph\">Tenga en cuenta que, en general, la desactivaci\u00f3n de cookies puede generar limitaciones en la oferta de funciones de nuestra p\u00e1gina web.<\/p>\n","protected":false},"excerpt":{"rendered":"<p>Pol\u00edtica de Cookies Mediante esta pol\u00edtica de cookies, el propietario de la p\u00e1gina web le informa acerca del uso de cookies o de similares herramientas para el almacenamiento de datos (en adelante, \u201ccookies\u201d) en esta p\u00e1gina web. \u00bfQu\u00e9 son cookies? Las cookies son peque\u00f1os archivos de texto que su navegador almacena en su dispositivo para [&hellip;]<\/p>\n","protected":false},"author":1,"featured_media":0,"parent":0,"menu_order":0,"comment_status":"closed","ping_status":"closed","template":"","meta":{"_crdt_document":"","inline_featured_image":false,"ngg_post_thumbnail":0,"footnotes":""},"class_list":["post-29","page","type-page","status-publish","hentry"],"yoast_head":"<!-- This site is optimized with the Yoast SEO plugin v27.4 - https:\/\/yoast.com\/product\/yoast-seo-wordpress\/ -->\n<title>Politique de cookies - Traforart<\/title>\n<meta name=\"robots\" content=\"index, follow, max-snippet:-1, max-image-preview:large, max-video-preview:-1\" \/>\n<link rel=\"canonical\" href=\"https:\/\/traforart.net\/fr\/politica-de-cookies\/\" \/>\n<meta property=\"og:locale\" content=\"fr_FR\" \/>\n<meta property=\"og:type\" content=\"article\" \/>\n<meta property=\"og:title\" content=\"Politique de cookies - Traforart\" \/>\n<meta property=\"og:description\" content=\"Pol\u00edtica de Cookies Mediante esta pol\u00edtica de cookies, el propietario de la p\u00e1gina web le informa acerca del uso de cookies o de similares herramientas para el almacenamiento de datos (en adelante, \u201ccookies\u201d) en esta p\u00e1gina web. \u00bfQu\u00e9 son cookies? Las cookies son peque\u00f1os archivos de texto que su navegador almacena en su dispositivo para [&hellip;]\" \/>\n<meta property=\"og:url\" content=\"https:\/\/traforart.net\/fr\/politica-de-cookies\/\" \/>\n<meta property=\"og:site_name\" content=\"Traforart\" \/>\n<meta property=\"article:modified_time\" content=\"2024-07-26T12:01:44+00:00\" \/>\n<meta name=\"twitter:card\" content=\"summary_large_image\" \/>\n<meta name=\"twitter:label1\" content=\"Dur\u00e9e de lecture estim\u00e9e\" \/>\n\t<meta name=\"twitter:data1\" content=\"3 minutes\" \/>\n<script type=\"application\/ld+json\" class=\"yoast-schema-graph\">{\"@context\":\"https:\\\/\\\/schema.org\",\"@graph\":[{\"@type\":\"WebPage\",\"@id\":\"https:\\\/\\\/traforart.net\\\/fr\\\/politica-de-cookies\\\/\",\"url\":\"https:\\\/\\\/traforart.net\\\/fr\\\/politica-de-cookies\\\/\",\"name\":\"Politique de cookies - Traforart\",\"isPartOf\":{\"@id\":\"https:\\\/\\\/traforart.net\\\/fr\\\/#website\"},\"datePublished\":\"2023-12-14T14:33:28+00:00\",\"dateModified\":\"2024-07-26T12:01:44+00:00\",\"breadcrumb\":{\"@id\":\"https:\\\/\\\/traforart.net\\\/fr\\\/politica-de-cookies\\\/#breadcrumb\"},\"inLanguage\":\"fr-FR\",\"potentialAction\":[{\"@type\":\"ReadAction\",\"target\":[[\"https:\\\/\\\/traforart.net\\\/fr\\\/politica-de-cookies\\\/\"]]}]},{\"@type\":\"BreadcrumbList\",\"@id\":\"https:\\\/\\\/traforart.net\\\/fr\\\/politica-de-cookies\\\/#breadcrumb\",\"itemListElement\":[{\"@type\":\"ListItem\",\"position\":1,\"name\":\"Portada\",\"item\":\"https:\\\/\\\/traforart.net\\\/fr\\\/\"},{\"@type\":\"ListItem\",\"position\":2,\"name\":\"Pol\u00edtica de Cookies\"}]},{\"@type\":\"WebSite\",\"@id\":\"https:\\\/\\\/traforart.net\\\/fr\\\/#website\",\"url\":\"https:\\\/\\\/traforart.net\\\/fr\\\/\",\"name\":\"Traforart\",\"description\":\"Chemin\u00e9es \u00e0 bois, gaz et bio\u00e9thanol\",\"potentialAction\":[{\"@type\":\"SearchAction\",\"target\":{\"@type\":\"EntryPoint\",\"urlTemplate\":\"https:\\\/\\\/traforart.net\\\/fr\\\/?s={search_term_string}\"},\"query-input\":{\"@type\":\"PropertyValueSpecification\",\"valueRequired\":true,\"valueName\":\"search_term_string\"}}],\"inLanguage\":\"fr-FR\"}]}<\/script>\n<!-- \/ Yoast SEO plugin. -->","yoast_head_json":{"title":"Politique de cookies - Traforart","robots":{"index":"index","follow":"follow","max-snippet":"max-snippet:-1","max-image-preview":"max-image-preview:large","max-video-preview":"max-video-preview:-1"},"canonical":"https:\/\/traforart.net\/fr\/politica-de-cookies\/","og_locale":"fr_FR","og_type":"article","og_title":"Politique de cookies - Traforart","og_description":"Pol\u00edtica de Cookies Mediante esta pol\u00edtica de cookies, el propietario de la p\u00e1gina web le informa acerca del uso de cookies o de similares herramientas para el almacenamiento de datos (en adelante, \u201ccookies\u201d) en esta p\u00e1gina web. \u00bfQu\u00e9 son cookies? Las cookies son peque\u00f1os archivos de texto que su navegador almacena en su dispositivo para [&hellip;]","og_url":"https:\/\/traforart.net\/fr\/politica-de-cookies\/","og_site_name":"Traforart","article_modified_time":"2024-07-26T12:01:44+00:00","twitter_card":"summary_large_image","twitter_misc":{"Dur\u00e9e de lecture estim\u00e9e":"3 minutes"},"schema":{"@context":"https:\/\/schema.org","@graph":[{"@type":"WebPage","@id":"https:\/\/traforart.net\/fr\/politica-de-cookies\/","url":"https:\/\/traforart.net\/fr\/politica-de-cookies\/","name":"Politique de cookies - Traforart","isPartOf":{"@id":"https:\/\/traforart.net\/fr\/#website"},"datePublished":"2023-12-14T14:33:28+00:00","dateModified":"2024-07-26T12:01:44+00:00","breadcrumb":{"@id":"https:\/\/traforart.net\/fr\/politica-de-cookies\/#breadcrumb"},"inLanguage":"fr-FR","potentialAction":[{"@type":"ReadAction","target":[["https:\/\/traforart.net\/fr\/politica-de-cookies\/"]]}]},{"@type":"BreadcrumbList","@id":"https:\/\/traforart.net\/fr\/politica-de-cookies\/#breadcrumb","itemListElement":[{"@type":"ListItem","position":1,"name":"Portada","item":"https:\/\/traforart.net\/fr\/"},{"@type":"ListItem","position":2,"name":"Pol\u00edtica de Cookies"}]},{"@type":"WebSite","@id":"https:\/\/traforart.net\/fr\/#website","url":"https:\/\/traforart.net\/fr\/","name":"Traforart","description":"Chemin\u00e9es \u00e0 bois, gaz et bio\u00e9thanol","potentialAction":[{"@type":"SearchAction","target":{"@type":"EntryPoint","urlTemplate":"https:\/\/traforart.net\/fr\/?s={search_term_string}"},"query-input":{"@type":"PropertyValueSpecification","valueRequired":true,"valueName":"search_term_string"}}],"inLanguage":"fr-FR"}]}},"_links":{"self":[{"href":"https:\/\/traforart.net\/fr\/wp-json\/wp\/v2\/pages\/29","targetHints":{"allow":["GET"]}}],"collection":[{"href":"https:\/\/traforart.net\/fr\/wp-json\/wp\/v2\/pages"}],"about":[{"href":"https:\/\/traforart.net\/fr\/wp-json\/wp\/v2\/types\/page"}],"author":[{"embeddable":true,"href":"https:\/\/traforart.net\/fr\/wp-json\/wp\/v2\/users\/1"}],"replies":[{"embeddable":true,"href":"https:\/\/traforart.net\/fr\/wp-json\/wp\/v2\/comments?post=29"}],"version-history":[{"count":8,"href":"https:\/\/traforart.net\/fr\/wp-json\/wp\/v2\/pages\/29\/revisions"}],"predecessor-version":[{"id":2096,"href":"https:\/\/traforart.net\/fr\/wp-json\/wp\/v2\/pages\/29\/revisions\/2096"}],"wp:attachment":[{"href":"https:\/\/traforart.net\/fr\/wp-json\/wp\/v2\/media?parent=29"}],"curies":[{"name":"wp","href":"https:\/\/api.w.org\/{rel}","templated":true}]}}